{"id":73,"date":"2026-02-12T21:10:16","date_gmt":"2026-02-12T21:10:16","guid":{"rendered":"https:\/\/amorbeauty.dk\/?page_id=73"},"modified":"2026-02-12T21:15:26","modified_gmt":"2026-02-12T21:15:26","slug":"book-en-tid","status":"publish","type":"page","link":"https:\/\/amorbeauty.dk\/index.php\/book-en-tid\/","title":{"rendered":"Book en tid"},"content":{"rendered":"\n<p>Jeg er g\u00e6stebehandler hos Nordisk Sk\u00f8nhed i \u00f8jeblikket. <br><br>Du kan booke en tid hos mig via deres hjemmeside:<br><br><a href=\"https:\/\/nordiskskoenhed.bestilling.nu\/\" target=\"_blank\" rel=\"noreferrer noopener\">Book en tid ved at klikke her<\/a><\/p>\n","protected":false},"excerpt":{"rendered":"<p>Jeg er g\u00e6stebehandler hos Nordisk Sk\u00f8nhed i \u00f8jeblikket. Du kan booke en tid hos mig via deres hjemmeside: Book en tid ved at klikke her<\/p>\n","protected":false},"author":1,"featured_media":0,"parent":0,"menu_order":0,"comment_status":"closed","ping_status":"closed","template":"","meta":{"footnotes":""},"class_list":["post-73","page","type-page","status-publish","hentry"],"_links":{"self":[{"href":"https:\/\/amorbeauty.dk\/index.php\/wp-json\/wp\/v2\/pages\/73","targetHints":{"allow":["GET"]}}],"collection":[{"href":"https:\/\/amorbeauty.dk\/index.php\/wp-json\/wp\/v2\/pages"}],"about":[{"href":"https:\/\/amorbeauty.dk\/index.php\/wp-json\/wp\/v2\/types\/page"}],"author":[{"embeddable":true,"href":"https:\/\/amorbeauty.dk\/index.php\/wp-json\/wp\/v2\/users\/1"}],"replies":[{"embeddable":true,"href":"https:\/\/amorbeauty.dk\/index.php\/wp-json\/wp\/v2\/comments?post=73"}],"version-history":[{"count":2,"href":"https:\/\/amorbeauty.dk\/index.php\/wp-json\/wp\/v2\/pages\/73\/revisions"}],"predecessor-version":[{"id":82,"href":"https:\/\/amorbeauty.dk\/index.php\/wp-json\/wp\/v2\/pages\/73\/revisions\/82"}],"wp:attachment":[{"href":"https:\/\/amorbeauty.dk\/index.php\/wp-json\/wp\/v2\/media?parent=73"}],"curies":[{"name":"wp","href":"https:\/\/api.w.org\/{rel}","templated":true}]}}